{"id":5130,"date":"2018-08-31T16:23:56","date_gmt":"2018-08-31T14:23:56","guid":{"rendered":"https:\/\/balneum.bz.it\/?page_id=5130"},"modified":"2020-06-11T15:55:17","modified_gmt":"2020-06-11T13:55:17","slug":"piscina-coperta","status":"publish","type":"page","link":"https:\/\/balneum.bz.it\/it\/piscina-coperta\/","title":{"rendered":"Piscina coperta"},"content":{"rendered":"<div class=\"wpb-content-wrapper\"><p>[vc_row full_height=&#8221;yes&#8221; row_content_width=&#8221;grid&#8221; parallax_background_image=&#8221;4809&#8243; css=&#8221;.vc_custom_1535385509080{padding-top: 110px !important;padding-bottom: 114px !important;}&#8221;][vc_column offset=&#8221;vc_col-lg-7 vc_col-md-12&#8243;]<div class=\"edge-elements-holder   edge-one-column  edge-responsive-mode-768 \" ><div class=\"edge-eh-item    \"  data-item-class=\"edge-eh-custom-3274\" data-1366-1600=\"72px 18% 0px 82px\" data-1024-1366=\"50px 0% 0px 0px \" data-768-1024=\"72px 0% 30px 0px\" data-680-768=\"65px 0px 0px\" data-680=\"70px 0px 6px\">\n\t<div class=\"edge-eh-item-inner\">\n\t\t<div class=\"edge-eh-item-content edge-eh-custom-3274\" style=\"padding: 72px 29% 0px 0px\">\n\t\t\t<div class=\"edge-section-title-holder  edge-st-standard edge-st-title-left edge-st-normal-space \" >\n\t<div class=\"edge-st-inner\">\n\t\t\t\t\t<h3 class=\"edge-st-title\" style=\"color: #ffffff\">\n\t\t\t\tLa piscina coperta - il lido\t\t\t<\/h3>\n\t\t\t\t\t<\/div>\n<\/div>[vc_empty_space height=&#8221;27px&#8221;][vc_column_text]<span style=\"color: #ffffff;\">Non dovrete andare da nessun&#8217;altra parte\u2026 per tutta la vostra vita balneare!<br \/>\nLa vasca per i piccoli e i piccolissimi \u00e8 il luogo ideale per i primi, spensierati approcci con l&#8217;acqua. Nella vasca da allenamento si lavora sodo finch\u00e9 non saranno assimilati lo stile rana, lo stile libero, l&#8217;immersione, il tuffo, la virata.<br \/>\nI bambini &#8211; anche quelli in et\u00e0 pi\u00f9 che avanzata &#8211; non vorrebbero pi\u00f9 uscire dal canale dell&#8217;acqua corrente. Troppo divertente! Nel whirlpool, invece, trover\u00e0 distensione chi sta seduto tutto il giorno o chi, magari, ci ha dato dentro un po&#8217; troppo con l&#8217;attivit\u00e0 sportiva. Ardimentosi e curiosi proveranno ad avventurarsi, anche d&#8217;inverno, nella piscina esterna. <\/span>[\/vc_column_text][vc_empty_space height=&#8221;18px&#8221;][vc_column_text]<span style=\"color: #ffffff;\">Atmosfera da lido in estate nella zona all&#8217;aperto con una grande vasca esterna e una vasca per bambini; e poi lo spazioso prato relax con tanti posticini all&#8217;ombra e al sole. Chiunque incontrer\u00e0 la felicit\u00e0 durante le vacanze estive. Ognuno a modo suo: i bambini, instancabili, intenti ai loro fantasiosi giochi in acqua, i giovani passeggiando disinvolti, ascoltando musica, gli adulti nuotando, adorando il sole, sonnecchiando, chiacchierando. Dopo un bagno rinfrescante ci si sdraia nell&#8217;erba\u2026 lo sguardo corre sui monti circostanti. Un solo dilemma: gelato o caff\u00e8? <\/span>[\/vc_column_text][vc_empty_space height=&#8221;58px&#8221;]\t\t<\/div>\n\t<\/div>\n<\/div><\/div>[\/vc_column][\/vc_row][vc_row row_content_width=&#8221;grid&#8221; content_text_aligment=&#8221;left&#8221; css=&#8221;.vc_custom_1534613886943{margin-top: 50px !important;margin-bottom: 50px !important;}&#8221;][vc_column width=&#8221;1\/3&#8243; el_class=&#8221;0px 0px 0px 50px&#8221;][vc_widget_sidebar sidebar_id=&#8221;orario-di-apertura-piscina&#8221;][\/vc_column][vc_column width=&#8221;1\/3&#8243;][vc_widget_sidebar sidebar_id=&#8221;informazioni-piscina&#8221;][\/vc_column][vc_column width=&#8221;1\/3&#8243;][vc_widget_sidebar sidebar_id=&#8221;besucherzaehler-it&#8221;][\/vc_column][\/vc_row][vc_row simple_background_color=&#8221;#ee7114&#8243; css=&#8221;.vc_custom_1528800489429{padding-top: 119px !important;padding-bottom: 93px !important;}&#8221;][vc_column offset=&#8221;vc_col-lg-6 vc_col-md-12&#8243; css=&#8221;.vc_custom_1526305032519{padding-right: 0px !important;}&#8221;]<div class=\"edge-elements-holder   edge-one-column  edge-responsive-mode-768 \" ><div class=\"edge-eh-item    \"  data-item-class=\"edge-eh-custom-3137\" data-1366-1600=\"0px 0px 0px 77px\" data-1024-1366=\"0px 0px 0px 77px \" data-768-1024=\"0px 0px 0px 124px\" data-680-768=\"0px 0px 0px 83px \" data-680=\"0px 0px 0px 37px \">\n\t<div class=\"edge-eh-item-inner\">\n\t\t<div class=\"edge-eh-item-content edge-eh-custom-3137\" style=\"padding: 0px 0px 0px 298px\">\n\t\t\t[vc_empty_space height=&#8221;19px&#8221;][vc_column_text css=&#8221;.vc_custom_1537546202294{padding-right: 0px !important;}&#8221;]<\/p>\n<h4><span style=\"color: #00023d;\">Iscrizione Newsletter <\/span><\/h4>\n<p>[\/vc_column_text][vc_empty_space height=&#8221;30px&#8221;]\t\t<\/div>\n\t<\/div>\n<\/div><\/div>[\/vc_column][vc_column offset=&#8221;vc_col-lg-6 vc_col-md-12&#8243; css=&#8221;.vc_custom_1526304439014{margin-left: -80px !important;}&#8221;]<div class=\"edge-elements-holder   edge-one-column  edge-responsive-mode-768 \" ><div class=\"edge-eh-item    \"  data-item-class=\"edge-eh-custom-3592\" data-1366-1600=\"0px\" data-1024-1366=\"0px 0px 0px 80px\" data-768-1024=\"0px 47px 0px 207px\" data-680-768=\"0px 3px 0px 163px\" data-680=\"0px 0px 0px 118px\">\n\t<div class=\"edge-eh-item-inner\">\n\t\t<div class=\"edge-eh-item-content edge-eh-custom-3592\" style=\"padding: 0px 220px 0px 0px\">\n\t\t\t\n<div class=\"wpcf7 no-js\" id=\"wpcf7-f4979-o1\" lang=\"en-US\" dir=\"ltr\" data-wpcf7-id=\"4979\">\n<div class=\"screen-reader-response\"><p role=\"status\" aria-live=\"polite\" aria-atomic=\"true\"><\/p> <ul><\/ul><\/div>\n<form action=\"\/it\/wp-json\/wp\/v2\/pages\/5130#wpcf7-f4979-o1\" method=\"post\" class=\"wpcf7-form init cf7_custom_style_1\" aria-label=\"Contact form\" novalidate=\"novalidate\" data-status=\"init\">\n<fieldset class=\"hidden-fields-container\"><input type=\"hidden\" name=\"_wpcf7\" value=\"4979\" \/><input type=\"hidden\" name=\"_wpcf7_version\" value=\"6.1.5\" \/><input type=\"hidden\" name=\"_wpcf7_locale\" value=\"en_US\" \/><input type=\"hidden\" name=\"_wpcf7_unit_tag\" value=\"wpcf7-f4979-o1\" \/><input type=\"hidden\" name=\"_wpcf7_container_post\" value=\"0\" \/><input type=\"hidden\" name=\"_wpcf7_posted_data_hash\" value=\"\" \/><input type=\"hidden\" name=\"_wpcf7_recaptcha_response\" value=\"\" \/>\n<\/fieldset>\n<div class=\"edge-two-columns-form-with-space\">\n\t<div class=\"edge-column-left\">\n\t\t<p><span class=\"wpcf7-form-control-wrap\" data-name=\"your-email\"><input size=\"40\" maxlength=\"400\" class=\"wpcf7-form-control wpcf7-email wpcf7-validates-as-required wpcf7-text wpcf7-validates-as-email\" aria-required=\"true\" aria-invalid=\"false\" placeholder=\"Indirizzo E-Mail\" value=\"\" type=\"email\" name=\"your-email\" \/><\/span>\n\t\t<\/p>\n\t<\/div>\n\t<div class=\"edge-column-right\">\n\t\t<p><input class=\"wpcf7-form-control wpcf7-submit has-spinner\" type=\"submit\" value=\"Inviare\" \/>\n\t\t<\/p>\n\t<\/div>\n<\/div><div class=\"wpcf7-response-output\" aria-hidden=\"true\"><\/div>\n<\/form>\n<\/div>\n[vc_empty_space height=&#8221;30px&#8221;]\t\t<\/div>\n\t<\/div>\n<\/div><\/div>[\/vc_column][\/vc_row]<\/p>\n<\/div>","protected":false},"excerpt":{"rendered":"<p>[vc_row full_height=&#8221;yes&#8221; row_content_width=&#8221;grid&#8221; parallax_background_image=&#8221;4809&#8243; css=&#8221;.vc_custom_1535385509080{padding-top: 110px !important;padding-bottom: 114px !important;}&#8221;][vc_column offset=&#8221;vc_col-lg-7 vc_col-md-12&#8243;][\/vc_column][\/vc_row][vc_row row_content_width=&#8221;grid&#8221; content_text_aligment=&#8221;left&#8221; css=&#8221;.vc_custom_1534613886943{margin-top: 50px !important;margin-bottom: 50px !important;}&#8221;][vc_column width=&#8221;1\/3&#8243; el_class=&#8221;0px 0px 0px 50px&#8221;][vc_widget_sidebar sidebar_id=&#8221;orario-di-apertura-piscina&#8221;][\/vc_column][vc_column width=&#8221;1\/3&#8243;][vc_widget_sidebar sidebar_id=&#8221;informazioni-piscina&#8221;][\/vc_column][vc_column width=&#8221;1\/3&#8243;][vc_widget_sidebar sidebar_id=&#8221;besucherzaehler-it&#8221;][\/vc_column][\/vc_row][vc_row simple_background_color=&#8221;#ee7114&#8243; css=&#8221;.vc_custom_1528800489429{padding-top: 119px !important;padding-bottom: 93px !important;}&#8221;][vc_column offset=&#8221;vc_col-lg-6 vc_col-md-12&#8243; css=&#8221;.vc_custom_1526305032519{padding-right: 0px !important;}&#8221;][\/vc_column][vc_column offset=&#8221;vc_col-lg-6 [&hellip;]<\/p>\n","protected":false},"author":1,"featured_media":0,"parent":0,"menu_order":1,"comment_status":"closed","ping_status":"closed","template":"full-width.php","meta":{"_mo_disable_npp":"","footnotes":""},"class_list":["post-5130","page","type-page","status-publish","hentry"],"_links":{"self":[{"href":"https:\/\/balneum.bz.it\/it\/wp-json\/wp\/v2\/pages\/5130","targetHints":{"allow":["GET"]}}],"collection":[{"href":"https:\/\/balneum.bz.it\/it\/wp-json\/wp\/v2\/pages"}],"about":[{"href":"https:\/\/balneum.bz.it\/it\/wp-json\/wp\/v2\/types\/page"}],"author":[{"embeddable":true,"href":"https:\/\/balneum.bz.it\/it\/wp-json\/wp\/v2\/users\/1"}],"replies":[{"embeddable":true,"href":"https:\/\/balneum.bz.it\/it\/wp-json\/wp\/v2\/comments?post=5130"}],"version-history":[{"count":7,"href":"https:\/\/balneum.bz.it\/it\/wp-json\/wp\/v2\/pages\/5130\/revisions"}],"predecessor-version":[{"id":5932,"href":"https:\/\/balneum.bz.it\/it\/wp-json\/wp\/v2\/pages\/5130\/revisions\/5932"}],"wp:attachment":[{"href":"https:\/\/balneum.bz.it\/it\/wp-json\/wp\/v2\/media?parent=5130"}],"curies":[{"name":"wp","href":"https:\/\/api.w.org\/{rel}","templated":true}]}}